{"id":20,"date":"2020-09-25T19:34:26","date_gmt":"2020-09-25T22:34:26","guid":{"rendered":"http:\/\/nanoprotechbrasil.com.br\/?post_type=product&#038;p=20"},"modified":"2026-01-12T20:29:20","modified_gmt":"2026-01-12T23:29:20","slug":"nanoprotech-anticorrosao-industrial-150ml","status":"publish","type":"product","link":"https:\/\/nanoprotechbrasil.com.br\/index.php\/produto\/nanoprotech-anticorrosao-industrial-150ml\/","title":{"rendered":"NANOPROTECH ANTICORROS\u00c3O INDUSTRIAL &#8211; 150ml"},"content":{"rendered":"<p>Os preju\u00edzos devido a corros\u00e3o representam uma m\u00e9dia de aproximadamente 12% do volume anual da produ\u00e7\u00e3o de metal. Ademais, a corros\u00e3o provoca a destrui\u00e7\u00e3o prematura de equipamentos caros e importantes na cadeia de produ\u00e7\u00e3o.<br \/>\nNANOPROTECH ANTICORROS\u00c3O garante uma potente prote\u00e7\u00e3o contra a corros\u00e3o, uma prote\u00e7\u00e3o duradoura contra a umidade, produz um efeito limpador e lubrificante, e possui uma excelente ader\u00eancia superficial a metais e ligas. As nanopart\u00edculas penetram na estrutura da superf\u00edcie tratada, removem a umidade, eliminam os rangidos, previnem a corros\u00e3o e constroem um revestimento que reduz o atrito e o desgaste. O produto n\u00e3o perde suas propriedades dentro dos limites de temperatura entre -80\u00baC e +140\u00baC. N\u00e3o danifica nenhum material e pode penetrar em pontos de dif\u00edcil acesso. O produto pode ser aplicado sobre superf\u00edcies molhadas e mant\u00e9m sua elasticidade por muito tempo.<\/p>\n<p>Para maiores informa\u00e7\u00f5es consulte o nosso site:<br \/>\n<a href=\"https:\/\/www.nanoprotech.com.br\">https:\/\/www.nanoprotech.com.br<\/a><\/p>\n<p>V\u00eddeos:<\/p>\n<p>https:\/\/youtu.be\/bTYaTmr9pbg<\/p>\n<p><iframe title=\"Aplica\u00e7\u00e3o de Nanoprotech Anticorros\u00e3o em Correntes de um Spreader\" width=\"800\" height=\"450\" src=\"https:\/\/www.youtube.com\/embed\/e4Su1Qb7INk?feature=oembed\" frameborder=\"0\" allow=\"accelerometer; autoplay; clipboard-write; encrypted-media; gyroscope; picture-in-picture; web-share\" referrerpolicy=\"strict-origin-when-cross-origin\" allowfullscreen><\/iframe><\/p>\n<p><iframe title=\"Nanoprotech Anticorros\u00e3o - Live Test\" width=\"800\" height=\"450\" src=\"https:\/\/www.youtube.com\/embed\/thhpW5Ehj38?feature=oembed\" frameborder=\"0\" allow=\"accelerometer; autoplay; clipboard-write; encrypted-media; gyroscope; picture-in-picture; web-share\" referrerpolicy=\"strict-origin-when-cross-origin\" allowfullscreen><\/iframe><\/p>\n<p><iframe title=\"Aplica\u00e7\u00e3o do Nanoprotech Anticorros\u00e3o para prote\u00e7\u00e3o em equipamentos de ar condicionado\" width=\"800\" height=\"600\" src=\"https:\/\/www.youtube.com\/embed\/QBIJl0HaXmk?feature=oembed\" frameborder=\"0\" allow=\"accelerometer; autoplay; clipboard-write; encrypted-media; gyroscope; picture-in-picture; web-share\" referrerpolicy=\"strict-origin-when-cross-origin\" allowfullscreen><\/iframe><\/p>\n<p>https:\/\/youtu.be\/LdEQhg01ERw<\/p>\n<p>&nbsp;<\/p>\n","protected":false},"excerpt":{"rendered":"<ul>\n<li>PROTEGE DA CORROS\u00c3O DURANTE UM PER\u00cdODO M\u00cdNIMO DE 1 ANO<\/li>\n<li>AUMENTA SIGNIFICATIVAMENTE A VIDA \u00daTIL DAS PE\u00c7AS MET\u00c1LICAS<\/li>\n<li>INTERROMPE A CORROS\u00c3O EM TODAS AS ETAPAS<\/li>\n<li>FUN\u00c7\u00c3O DE \u201cCHAVE L\u00cdQUIDA\u201d (AJUDA A SOLTAR O \u00d3XIDO NAS CONEX\u00d5ES ROSCADAS)<\/li>\n<li>REDUZ O CUSTO DE MANUTEN\u00c7\u00c3O<\/li>\n<li>PROTEGE OS METAIS E MECANISMOS DA UMIDADE (VAPOR, CONDENSA\u00c7\u00c3O, ORVALHO, CHUVA, CHUVA \u00c1CIDA, \u00c1GUA COM CLORO E \u00c1GUA SALGADA)<\/li>\n<li>ALTO PODER DE PENETRA\u00c7\u00c3O<\/li>\n<li>PROTEGE OS MECANISMOS CONTRA O DESGASTE E MELHORA O RENDIMENTO MEC\u00c2NICO DAS PARTES M\u00d3VEIS.<\/li>\n<li>PROPORCIONA UM FUNCIONAMENTO CONFI\u00c1VEL DOS EQUIPAMENTOS DURANTE O INVERNO<\/li>\n<\/ul>\n","protected":false},"featured_media":364,"comment_status":"open","ping_status":"closed","template":"","meta":{"inline_featured_image":false,"_joinchat":[]},"product_brand":[],"product_cat":[15],"product_tag":[],"class_list":{"0":"post-20","1":"product","2":"type-product","3":"status-publish","4":"has-post-thumbnail","6":"product_cat-sem-categoria","8":"first","9":"instock","10":"shipping-taxable","11":"purchasable","12":"product-type-simple"},"_links":{"self":[{"href":"https:\/\/nanoprotechbrasil.com.br\/index.php\/wp-json\/wp\/v2\/product\/20","targetHints":{"allow":["GET"]}}],"collection":[{"href":"https:\/\/nanoprotechbrasil.com.br\/index.php\/wp-json\/wp\/v2\/product"}],"about":[{"href":"https:\/\/nanoprotechbrasil.com.br\/index.php\/wp-json\/wp\/v2\/types\/product"}],"replies":[{"embeddable":true,"href":"https:\/\/nanoprotechbrasil.com.br\/index.php\/wp-json\/wp\/v2\/comments?post=20"}],"wp:featuredmedia":[{"embeddable":true,"href":"https:\/\/nanoprotechbrasil.com.br\/index.php\/wp-json\/wp\/v2\/media\/364"}],"wp:attachment":[{"href":"https:\/\/nanoprotechbrasil.com.br\/index.php\/wp-json\/wp\/v2\/media?parent=20"}],"wp:term":[{"taxonomy":"product_brand","embeddable":true,"href":"https:\/\/nanoprotechbrasil.com.br\/index.php\/wp-json\/wp\/v2\/product_brand?post=20"},{"taxonomy":"product_cat","embeddable":true,"href":"https:\/\/nanoprotechbrasil.com.br\/index.php\/wp-json\/wp\/v2\/product_cat?post=20"},{"taxonomy":"product_tag","embeddable":true,"href":"https:\/\/nanoprotechbrasil.com.br\/index.php\/wp-json\/wp\/v2\/product_tag?post=20"}],"curies":[{"name":"wp","href":"https:\/\/api.w.org\/{rel}","templated":true}]}}