{"id":316,"date":"2022-04-22T19:04:45","date_gmt":"2022-04-22T22:04:45","guid":{"rendered":"http:\/\/nanoprotechbrasil.com.br\/?page_id=316"},"modified":"2022-04-22T19:28:07","modified_gmt":"2022-04-22T22:28:07","slug":"nanoprotech-brasil-loja","status":"publish","type":"page","link":"https:\/\/nanoprotechbrasil.com.br\/","title":{"rendered":"NanoProtech Brasil &#8211; Loja"},"content":{"rendered":"\t\t<div data-elementor-type=\"wp-page\" data-elementor-id=\"316\" class=\"elementor elementor-316\">\n\t\t\t\t\t\t<section class=\"elementor-section elementor-top-section elementor-element elementor-element-2dabeea elementor-section-boxed elementor-section-height-default elementor-section-height-default\" data-id=\"2dabeea\" data-element_type=\"section\" data-e-type=\"section\">\n\t\t\t\t\t\t<div class=\"elementor-container elementor-column-gap-default\">\n\t\t\t\t\t<div class=\"elementor-column elementor-col-100 elementor-top-column elementor-element elementor-element-310a444\" data-id=\"310a444\" data-element_type=\"column\" data-e-type=\"column\">\n\t\t\t<div class=\"elementor-widget-wrap elementor-element-populated\">\n\t\t\t\t\t\t<div class=\"elementor-element elementor-element-debae9c elementor-widget elementor-widget-heading\" data-id=\"debae9c\" data-element_type=\"widget\" data-e-type=\"widget\" data-widget_type=\"heading.default\">\n\t\t\t\t<div class=\"elementor-widget-container\">\n\t\t\t\t\t<h1 class=\"elementor-heading-title elementor-size-default\">LOJA NANOPROTECH BRASIL<\/h1>\t\t\t\t<\/div>\n\t\t\t\t<\/div>\n\t\t\t\t<div class=\"elementor-element elementor-element-be0f5f8 eael-product-grid-column-3 elementor-widget elementor-widget-eicon-woocommerce\" data-id=\"be0f5f8\" data-element_type=\"widget\" data-e-type=\"widget\" data-widget_type=\"eicon-woocommerce.default\">\n\t\t\t\t<div class=\"elementor-widget-container\">\n\t\t\t\t\t\n        <div class=\"eael-product-grid eael-product-simple masonry\" id=\"eael-product-grid\" data-widget-id=\"be0f5f8\" data-page-id=\"316\" data-nonce=\"409bf69b88\" >\n            <div class=\"woocommerce\">\n                <ul class=\"products eael-post-appender eael-post-appender-be0f5f8\" data-ssi-desktop=\"no\" data-ssi-tablet=\"no\" data-ssi-mobile=\"no\" data-layout-mode=\"masonry\"> <li class=\"product \">\n<div class=\"eael-product-wrap\" data-src=\"\" data-src-hover=\"\">\n    <img fetchpriority=\"high\" decoding=\"async\" width=\"300\" height=\"300\" src=\"https:\/\/nanoprotechbrasil.com.br\/wp-content\/uploads\/2020\/09\/nanoprotech-eletrico-g-300x300.jpg\" class=\"attachment-woocommerce_thumbnail size-woocommerce_thumbnail wvs-archive-product-image\" alt=\"Nanoprotech El\u00e9trico\" loading=\"eager\" srcset=\"https:\/\/nanoprotechbrasil.com.br\/wp-content\/uploads\/2020\/09\/nanoprotech-eletrico-g-300x300.jpg 300w, https:\/\/nanoprotechbrasil.com.br\/wp-content\/uploads\/2020\/09\/nanoprotech-eletrico-g-150x150.jpg 150w, https:\/\/nanoprotechbrasil.com.br\/wp-content\/uploads\/2020\/09\/nanoprotech-eletrico-g-100x100.jpg 100w, https:\/\/nanoprotechbrasil.com.br\/wp-content\/uploads\/2020\/09\/nanoprotech-eletrico-g.jpg 567w\" sizes=\"(max-width: 300px) 100vw, 300px\" \/><div class=\"eael-product-title\">\n    <a href=\"https:\/\/nanoprotechbrasil.com.br\/index.php\/produto\/nanoprotech-eletrico-industrial-150ml\/\" class=\"woocommerce-LoopProduct-link woocommerce-loop-product__link\"><h2 class=\"woocommerce-loop-product__title\">NANOPROTECH EL\u00c9TRICO INDUSTRIAL - 150ml<\/h2><\/a>\n    <\/div><div class=\"eael-star-rating star-rating\"><span style=\"width:0%\">Avalia\u00e7\u00e3o <strong class=\"rating\">0<\/strong> de 5<\/span><\/div><div class=\"eael-product-price\"><span class=\"woocommerce-Price-amount amount\"><bdi class=\"woocommerce-Price-bidi\"><span class=\"woocommerce-Price-currencySymbol\">&#82;&#36;<\/span>194,00<\/bdi><\/span><\/div>    <a href=\"\/index.php\/wp-json\/wp\/v2\/pages\/316?add-to-cart=22\" aria-describedby=\"woocommerce_loop_add_to_cart_link_describedby_22\" data-quantity=\"1\" class=\"button product_type_simple add_to_cart_button ajax_add_to_cart\" data-product_id=\"22\" data-product_sku=\"4612751620299\" aria-label=\"Adicione ao carrinho: &ldquo;NANOPROTECH EL\u00c9TRICO INDUSTRIAL - 150ml&rdquo;\" rel=\"nofollow\" data-success_message=\"\u201cNANOPROTECH EL\u00c9TRICO INDUSTRIAL - 150ml\u201d foi adicionado ao seu carrinho\">Adicionar ao carrinho<\/a>\t<span id=\"woocommerce_loop_add_to_cart_link_describedby_22\" class=\"screen-reader-text\">\n\t\t\t<\/span>\n    \n<\/div>\n\n<\/li> <li class=\"product \">\n<div class=\"eael-product-wrap\" data-src=\"\" data-src-hover=\"\">\n    <img decoding=\"async\" width=\"300\" height=\"300\" src=\"https:\/\/nanoprotechbrasil.com.br\/wp-content\/uploads\/2020\/09\/nanoprotech-anticorrosao-g-300x300.jpg\" class=\"attachment-woocommerce_thumbnail size-woocommerce_thumbnail wvs-archive-product-image\" alt=\"Nanoprotech Anticorros\u00e3o\" loading=\"eager\" srcset=\"https:\/\/nanoprotechbrasil.com.br\/wp-content\/uploads\/2020\/09\/nanoprotech-anticorrosao-g-300x300.jpg 300w, https:\/\/nanoprotechbrasil.com.br\/wp-content\/uploads\/2020\/09\/nanoprotech-anticorrosao-g-150x150.jpg 150w, https:\/\/nanoprotechbrasil.com.br\/wp-content\/uploads\/2020\/09\/nanoprotech-anticorrosao-g-100x100.jpg 100w, https:\/\/nanoprotechbrasil.com.br\/wp-content\/uploads\/2020\/09\/nanoprotech-anticorrosao-g.jpg 567w\" sizes=\"(max-width: 300px) 100vw, 300px\" \/><div class=\"eael-product-title\">\n    <a href=\"https:\/\/nanoprotechbrasil.com.br\/index.php\/produto\/nanoprotech-anticorrosao-industrial-150ml\/\" class=\"woocommerce-LoopProduct-link woocommerce-loop-product__link\"><h2 class=\"woocommerce-loop-product__title\">NANOPROTECH ANTICORROS\u00c3O INDUSTRIAL - 150ml<\/h2><\/a>\n    <\/div><div class=\"eael-star-rating star-rating\"><span style=\"width:0%\">Avalia\u00e7\u00e3o <strong class=\"rating\">0<\/strong> de 5<\/span><\/div><div class=\"eael-product-price\"><span class=\"woocommerce-Price-amount amount\"><bdi class=\"woocommerce-Price-bidi\"><span class=\"woocommerce-Price-currencySymbol\">&#82;&#36;<\/span>118,00<\/bdi><\/span><\/div>    <a href=\"\/index.php\/wp-json\/wp\/v2\/pages\/316?add-to-cart=20\" aria-describedby=\"woocommerce_loop_add_to_cart_link_describedby_20\" data-quantity=\"1\" class=\"button product_type_simple add_to_cart_button ajax_add_to_cart\" data-product_id=\"20\" data-product_sku=\"4744116010206\" aria-label=\"Adicione ao carrinho: &ldquo;NANOPROTECH ANTICORROS\u00c3O INDUSTRIAL - 150ml&rdquo;\" rel=\"nofollow\" data-success_message=\"\u201cNANOPROTECH ANTICORROS\u00c3O INDUSTRIAL - 150ml\u201d foi adicionado ao seu carrinho\">Adicionar ao carrinho<\/a>\t<span id=\"woocommerce_loop_add_to_cart_link_describedby_20\" class=\"screen-reader-text\">\n\t\t\t<\/span>\n    \n<\/div>\n\n<\/li> <li class=\"product \">\n<div class=\"eael-product-wrap\" data-src=\"\" data-src-hover=\"\">\n    <img decoding=\"async\" width=\"300\" height=\"300\" src=\"https:\/\/nanoprotechbrasil.com.br\/wp-content\/uploads\/2020\/09\/nanoprotech-lubrificante-g-300x300.jpg\" class=\"attachment-woocommerce_thumbnail size-woocommerce_thumbnail wvs-archive-product-image\" alt=\"Nanoprotech Lubrificante\" loading=\"eager\" srcset=\"https:\/\/nanoprotechbrasil.com.br\/wp-content\/uploads\/2020\/09\/nanoprotech-lubrificante-g-300x300.jpg 300w, https:\/\/nanoprotechbrasil.com.br\/wp-content\/uploads\/2020\/09\/nanoprotech-lubrificante-g-150x150.jpg 150w, https:\/\/nanoprotechbrasil.com.br\/wp-content\/uploads\/2020\/09\/nanoprotech-lubrificante-g-100x100.jpg 100w, https:\/\/nanoprotechbrasil.com.br\/wp-content\/uploads\/2020\/09\/nanoprotech-lubrificante-g.jpg 539w\" sizes=\"(max-width: 300px) 100vw, 300px\" \/><div class=\"eael-product-title\">\n    <a href=\"https:\/\/nanoprotechbrasil.com.br\/index.php\/produto\/nanoprotech-super-lubrificante\/\" class=\"woocommerce-LoopProduct-link woocommerce-loop-product__link\"><h2 class=\"woocommerce-loop-product__title\">NANOPROTECH SUPER LUBRIFICANTE - 300ml<\/h2><\/a>\n    <\/div><div class=\"eael-star-rating star-rating\"><span style=\"width:0%\">Avalia\u00e7\u00e3o <strong class=\"rating\">0<\/strong> de 5<\/span><\/div><div class=\"eael-product-price\"><span class=\"woocommerce-Price-amount amount\"><bdi class=\"woocommerce-Price-bidi\"><span class=\"woocommerce-Price-currencySymbol\">&#82;&#36;<\/span>103,00<\/bdi><\/span><\/div>    <a href=\"\/index.php\/wp-json\/wp\/v2\/pages\/316?add-to-cart=44\" aria-describedby=\"woocommerce_loop_add_to_cart_link_describedby_44\" data-quantity=\"1\" class=\"button product_type_simple add_to_cart_button ajax_add_to_cart\" data-product_id=\"44\" data-product_sku=\"4612751620749\" aria-label=\"Adicione ao carrinho: &ldquo;NANOPROTECH SUPER LUBRIFICANTE - 300ml&rdquo;\" rel=\"nofollow\" data-success_message=\"\u201cNANOPROTECH SUPER LUBRIFICANTE - 300ml\u201d foi adicionado ao seu carrinho\">Adicionar ao carrinho<\/a>\t<span id=\"woocommerce_loop_add_to_cart_link_describedby_44\" class=\"screen-reader-text\">\n\t\t\t<\/span>\n    \n<\/div>\n\n<\/li><\/ul>            <\/div>\n        <\/div>\n\n        <script type=\"text\/javascript\">\n            jQuery(document).ready(function($) {\n                var $scope = jQuery(\".elementor-element-be0f5f8\");\n                var $products = $('.products', $scope);\n                var $layout_mode = $products.data('layout-mode');\n                \n                if ( $layout_mode === 'masonry' ) {\n                    \/\/ init isotope\n                    var $isotope_products = $products.isotope({\n                        itemSelector: \"li.product\",\n                        layoutMode: $layout_mode,\n                        percentPosition: true\n                    });\n\n                    $isotope_products.imagesLoaded().progress( function() {\n                        $isotope_products.isotope('layout');\n                    })\n                    \n                }\n            });\n        <\/script>\n        \t\t\t\t<\/div>\n\t\t\t\t<\/div>\n\t\t\t\t\t<\/div>\n\t\t<\/div>\n\t\t\t\t\t<\/div>\n\t\t<\/section>\n\t\t\t\t<\/div>\n\t\t","protected":false},"excerpt":{"rendered":"<p>LOJA NANOPROTECH BRASIL NANOPROTECH El\u00e9trico Industrial &#8211; 150ml Avalia\u00e7\u00e3o 0 de 5&#82;&#36;166,25 Comprar NANOPROTECH Anticorros\u00e3o Industrial &#8211; 150ml Avalia\u00e7\u00e3o 0 de 5&#82;&#36;154,15 Comprar NANOPROTECH SUPER LUBRIFICANTE &#8211; 300ml Avalia\u00e7\u00e3o 0 de 5&#82;&#36;131,00 Comprar<\/p>\n","protected":false},"author":1,"featured_media":0,"parent":0,"menu_order":0,"comment_status":"closed","ping_status":"closed","template":"elementor_header_footer","meta":{"inline_featured_image":false,"_joinchat":[],"footnotes":""},"class_list":["post-316","page","type-page","status-publish","hentry"],"_links":{"self":[{"href":"https:\/\/nanoprotechbrasil.com.br\/index.php\/wp-json\/wp\/v2\/pages\/316","targetHints":{"allow":["GET"]}}],"collection":[{"href":"https:\/\/nanoprotechbrasil.com.br\/index.php\/wp-json\/wp\/v2\/pages"}],"about":[{"href":"https:\/\/nanoprotechbrasil.com.br\/index.php\/wp-json\/wp\/v2\/types\/page"}],"author":[{"embeddable":true,"href":"https:\/\/nanoprotechbrasil.com.br\/index.php\/wp-json\/wp\/v2\/users\/1"}],"replies":[{"embeddable":true,"href":"https:\/\/nanoprotechbrasil.com.br\/index.php\/wp-json\/wp\/v2\/comments?post=316"}],"version-history":[{"count":16,"href":"https:\/\/nanoprotechbrasil.com.br\/index.php\/wp-json\/wp\/v2\/pages\/316\/revisions"}],"predecessor-version":[{"id":338,"href":"https:\/\/nanoprotechbrasil.com.br\/index.php\/wp-json\/wp\/v2\/pages\/316\/revisions\/338"}],"wp:attachment":[{"href":"https:\/\/nanoprotechbrasil.com.br\/index.php\/wp-json\/wp\/v2\/media?parent=316"}],"curies":[{"name":"wp","href":"https:\/\/api.w.org\/{rel}","templated":true}]}}